{"id":60,"date":"2024-05-01T10:43:07","date_gmt":"2024-05-01T10:43:07","guid":{"rendered":"https:\/\/serene-keller.51-75-243-206.plesk.page\/?page_id=60"},"modified":"2024-05-27T12:27:45","modified_gmt":"2024-05-27T12:27:45","slug":"tarif","status":"publish","type":"page","link":"https:\/\/loving-mayer.51-91-233-185.plesk.page\/fr\/tarif\/","title":{"rendered":"Tarifs"},"content":{"rendered":"","protected":false},"excerpt":{"rendered":"","protected":false},"author":1,"featured_media":0,"parent":0,"menu_order":0,"comment_status":"closed","ping_status":"closed","template":"","meta":{"_acf_changed":false,"footnotes":""},"class_list":["post-60","page","type-page","status-publish","hentry"],"acf":[],"yoast_head":"<!-- This site is optimized with the Yoast SEO plugin v27.0 - https:\/\/yoast.com\/product\/yoast-seo-wordpress\/ -->\n<title>Osteopathie Kosten in Hamburg Barmbek | Kosten und Erstattungsinformationen | Thomas Couturier<\/title>\n<meta name=\"description\" content=\"Erfahren Sie die Osteopathie-kosten in Hamburg Barmbek und Infos zur Kosten\u00fcbernahme. Gesetzliche &amp; private Versicherungen\" \/>\n<meta name=\"robots\" content=\"index, follow, max-snippet:-1, max-image-preview:large, max-video-preview:-1\" \/>\n<link rel=\"canonical\" href=\"https:\/\/loving-mayer.51-91-233-185.plesk.page\/fr\/tarif\/\" \/>\n<meta property=\"og:locale\" content=\"fr_FR\" \/>\n<meta property=\"og:type\" content=\"article\" \/>\n<meta property=\"og:title\" content=\"Osteopathie Kosten in Hamburg Barmbek | Kosten und Erstattungsinformationen | Thomas Couturier\" \/>\n<meta property=\"og:description\" content=\"Erfahren Sie die Osteopathie-kosten in Hamburg Barmbek und Infos zur Kosten\u00fcbernahme. Gesetzliche &amp; private Versicherungen\" \/>\n<meta property=\"og:url\" content=\"https:\/\/loving-mayer.51-91-233-185.plesk.page\/fr\/tarif\/\" \/>\n<meta property=\"og:site_name\" content=\"Thomas Couturier\" \/>\n<meta property=\"article:modified_time\" content=\"2024-05-27T12:27:45+00:00\" \/>\n<meta name=\"twitter:card\" content=\"summary_large_image\" \/>\n<meta name=\"twitter:label1\" content=\"Dur\u00e9e de lecture estim\u00e9e\" \/>\n\t<meta name=\"twitter:data1\" content=\"1 minute\" \/>\n<script type=\"application\/ld+json\" class=\"yoast-schema-graph\">{\"@context\":\"https:\/\/schema.org\",\"@graph\":[{\"@type\":\"WebPage\",\"@id\":\"https:\/\/loving-mayer.51-91-233-185.plesk.page\/kosten\/\",\"url\":\"https:\/\/loving-mayer.51-91-233-185.plesk.page\/kosten\/\",\"name\":\"Osteopathie Kosten in Hamburg Barmbek | Kosten und Erstattungsinformationen | Thomas Couturier\",\"isPartOf\":{\"@id\":\"https:\/\/loving-mayer.51-91-233-185.plesk.page\/#website\"},\"datePublished\":\"2024-05-01T10:43:07+00:00\",\"dateModified\":\"2024-05-27T12:27:45+00:00\",\"description\":\"Erfahren Sie die Osteopathie-kosten in Hamburg Barmbek und Infos zur Kosten\u00fcbernahme. Gesetzliche & private Versicherungen\",\"breadcrumb\":{\"@id\":\"https:\/\/loving-mayer.51-91-233-185.plesk.page\/kosten\/#breadcrumb\"},\"inLanguage\":\"fr-FR\",\"potentialAction\":[{\"@type\":\"ReadAction\",\"target\":[\"https:\/\/loving-mayer.51-91-233-185.plesk.page\/kosten\/\"]}]},{\"@type\":\"BreadcrumbList\",\"@id\":\"https:\/\/loving-mayer.51-91-233-185.plesk.page\/kosten\/#breadcrumb\",\"itemListElement\":[{\"@type\":\"ListItem\",\"position\":1,\"name\":\"Accueil\",\"item\":\"https:\/\/loving-mayer.51-91-233-185.plesk.page\/\"},{\"@type\":\"ListItem\",\"position\":2,\"name\":\"Tarifs\"}]},{\"@type\":\"WebSite\",\"@id\":\"https:\/\/loving-mayer.51-91-233-185.plesk.page\/#website\",\"url\":\"https:\/\/loving-mayer.51-91-233-185.plesk.page\/\",\"name\":\"Osteopathie Hamburg-Barmbek - Thomas Couturier\",\"description\":\"\",\"publisher\":{\"@id\":\"https:\/\/loving-mayer.51-91-233-185.plesk.page\/#organization\"},\"alternateName\":\"Osteopathie Hamburg-Barmbek\",\"potentialAction\":[{\"@type\":\"SearchAction\",\"target\":{\"@type\":\"EntryPoint\",\"urlTemplate\":\"https:\/\/loving-mayer.51-91-233-185.plesk.page\/?s={search_term_string}\"},\"query-input\":{\"@type\":\"PropertyValueSpecification\",\"valueRequired\":true,\"valueName\":\"search_term_string\"}}],\"inLanguage\":\"fr-FR\"},{\"@type\":\"Organization\",\"@id\":\"https:\/\/loving-mayer.51-91-233-185.plesk.page\/#organization\",\"name\":\"Thomas Couturier\",\"url\":\"https:\/\/loving-mayer.51-91-233-185.plesk.page\/\",\"logo\":{\"@type\":\"ImageObject\",\"inLanguage\":\"fr-FR\",\"@id\":\"https:\/\/loving-mayer.51-91-233-185.plesk.page\/#\/schema\/logo\/image\/\",\"url\":\"https:\/\/loving-mayer.51-91-233-185.plesk.page\/wp-content\/uploads\/2024\/05\/Logo.svg\",\"contentUrl\":\"https:\/\/loving-mayer.51-91-233-185.plesk.page\/wp-content\/uploads\/2024\/05\/Logo.svg\",\"width\":1,\"height\":1,\"caption\":\"Thomas Couturier\"},\"image\":{\"@id\":\"https:\/\/loving-mayer.51-91-233-185.plesk.page\/#\/schema\/logo\/image\/\"}}]}<\/script>\n<!-- \/ Yoast SEO plugin. -->","yoast_head_json":{"title":"Tarifs d'ost\u00e9opathie \u00e0 Hambourg | Thomas Couturier","description":"D\u00e9couvrez les tarifs de votre ost\u00e9opathe fran\u00e7ais \u00e0 Hambourg. Consultations professionnelles pour tous \u00e2ges. Prenez rendez-vous d\u00e8s maintenant","robots":{"index":"index","follow":"follow","max-snippet":"max-snippet:-1","max-image-preview":"max-image-preview:large","max-video-preview":"max-video-preview:-1"},"canonical":"https:\/\/loving-mayer.51-91-233-185.plesk.page\/fr\/tarif\/","og_locale":"fr_FR","og_type":"article","og_title":"Osteopathie Kosten in Hamburg Barmbek | Kosten und Erstattungsinformationen | Thomas Couturier","og_description":"Erfahren Sie die Osteopathie-kosten in Hamburg Barmbek und Infos zur Kosten\u00fcbernahme. Gesetzliche & private Versicherungen","og_url":"https:\/\/loving-mayer.51-91-233-185.plesk.page\/fr\/tarif\/","og_site_name":"Thomas Couturier","article_modified_time":"2024-05-27T12:27:45+00:00","twitter_card":"summary_large_image","twitter_misc":{"Dur\u00e9e de lecture estim\u00e9e":"1 minute"},"schema":{"@context":"https:\/\/schema.org","@graph":[{"@type":"WebPage","@id":"https:\/\/loving-mayer.51-91-233-185.plesk.page\/kosten\/","url":"https:\/\/loving-mayer.51-91-233-185.plesk.page\/kosten\/","name":"Tarifs d'ost\u00e9opathie \u00e0 Hambourg | Thomas Couturier","isPartOf":{"@id":"https:\/\/loving-mayer.51-91-233-185.plesk.page\/#website"},"datePublished":"2024-05-01T10:43:07+00:00","dateModified":"2024-05-27T12:27:45+00:00","description":"D\u00e9couvrez les tarifs de votre ost\u00e9opathe fran\u00e7ais \u00e0 Hambourg. Consultations professionnelles pour tous \u00e2ges. Prenez rendez-vous d\u00e8s maintenant","breadcrumb":{"@id":"https:\/\/loving-mayer.51-91-233-185.plesk.page\/kosten\/#breadcrumb"},"inLanguage":"fr-FR","potentialAction":[{"@type":"ReadAction","target":["https:\/\/loving-mayer.51-91-233-185.plesk.page\/kosten\/"]}]},{"@type":"BreadcrumbList","@id":"https:\/\/loving-mayer.51-91-233-185.plesk.page\/kosten\/#breadcrumb","itemListElement":[{"@type":"ListItem","position":1,"name":"Accueil","item":"https:\/\/loving-mayer.51-91-233-185.plesk.page\/"},{"@type":"ListItem","position":2,"name":"Tarifs"}]},{"@type":"WebSite","@id":"https:\/\/loving-mayer.51-91-233-185.plesk.page\/#website","url":"https:\/\/loving-mayer.51-91-233-185.plesk.page\/","name":"Osteopathie Hamburg-Barmbek - Thomas Couturier","description":"","publisher":{"@id":"https:\/\/loving-mayer.51-91-233-185.plesk.page\/#organization"},"alternateName":"Osteopathie Hamburg-Barmbek","potentialAction":[{"@type":"SearchAction","target":{"@type":"EntryPoint","urlTemplate":"https:\/\/loving-mayer.51-91-233-185.plesk.page\/?s={search_term_string}"},"query-input":{"@type":"PropertyValueSpecification","valueRequired":true,"valueName":"search_term_string"}}],"inLanguage":"fr-FR"},{"@type":"Organization","@id":"https:\/\/loving-mayer.51-91-233-185.plesk.page\/#organization","name":"Thomas Couturier","url":"https:\/\/loving-mayer.51-91-233-185.plesk.page\/","logo":{"@type":"ImageObject","inLanguage":"fr-FR","@id":"https:\/\/loving-mayer.51-91-233-185.plesk.page\/#\/schema\/logo\/image\/","url":"https:\/\/loving-mayer.51-91-233-185.plesk.page\/wp-content\/uploads\/2024\/05\/Logo.svg","contentUrl":"https:\/\/loving-mayer.51-91-233-185.plesk.page\/wp-content\/uploads\/2024\/05\/Logo.svg","width":1,"height":1,"caption":"Thomas Couturier"},"image":{"@id":"https:\/\/loving-mayer.51-91-233-185.plesk.page\/#\/schema\/logo\/image\/"}}]}},"_links":{"self":[{"href":"https:\/\/loving-mayer.51-91-233-185.plesk.page\/fr\/wp-json\/wp\/v2\/pages\/60","targetHints":{"allow":["GET"]}}],"collection":[{"href":"https:\/\/loving-mayer.51-91-233-185.plesk.page\/fr\/wp-json\/wp\/v2\/pages"}],"about":[{"href":"https:\/\/loving-mayer.51-91-233-185.plesk.page\/fr\/wp-json\/wp\/v2\/types\/page"}],"author":[{"embeddable":true,"href":"https:\/\/loving-mayer.51-91-233-185.plesk.page\/fr\/wp-json\/wp\/v2\/users\/1"}],"replies":[{"embeddable":true,"href":"https:\/\/loving-mayer.51-91-233-185.plesk.page\/fr\/wp-json\/wp\/v2\/comments?post=60"}],"version-history":[{"count":1,"href":"https:\/\/loving-mayer.51-91-233-185.plesk.page\/fr\/wp-json\/wp\/v2\/pages\/60\/revisions"}],"predecessor-version":[{"id":61,"href":"https:\/\/loving-mayer.51-91-233-185.plesk.page\/fr\/wp-json\/wp\/v2\/pages\/60\/revisions\/61"}],"wp:attachment":[{"href":"https:\/\/loving-mayer.51-91-233-185.plesk.page\/fr\/wp-json\/wp\/v2\/media?parent=60"}],"curies":[{"name":"wp","href":"https:\/\/api.w.org\/{rel}","templated":true}]}}