{"id":49,"date":"2024-05-01T08:34:27","date_gmt":"2024-05-01T08:34:27","guid":{"rendered":"https:\/\/serene-keller.51-75-243-206.plesk.page\/?page_id=49"},"modified":"2024-05-27T12:26:37","modified_gmt":"2024-05-27T12:26:37","slug":"a-propos","status":"publish","type":"page","link":"https:\/\/loving-mayer.51-91-233-185.plesk.page\/fr\/a-propos\/","title":{"rendered":"A propos de moi"},"content":{"rendered":"","protected":false},"excerpt":{"rendered":"","protected":false},"author":1,"featured_media":0,"parent":0,"menu_order":0,"comment_status":"closed","ping_status":"closed","template":"","meta":{"_acf_changed":false,"footnotes":""},"class_list":["post-49","page","type-page","status-publish","hentry"],"acf":[],"yoast_head":"<!-- This site is optimized with the Yoast SEO plugin v27.0 - https:\/\/yoast.com\/product\/yoast-seo-wordpress\/ -->\n<title>Thomas Couturier | Osteopath Barmbek<\/title>\n<meta name=\"description\" content=\"Erfahrener Osteopath in Hamburg. Ich behandele alle Patienten: Babies, Erwachsene, Senioren, Sportler, Schwangere\" \/>\n<meta name=\"robots\" content=\"index, follow, max-snippet:-1, max-image-preview:large, max-video-preview:-1\" \/>\n<link rel=\"canonical\" href=\"https:\/\/loving-mayer.51-91-233-185.plesk.page\/fr\/a-propos\/\" \/>\n<meta property=\"og:locale\" content=\"fr_FR\" \/>\n<meta property=\"og:type\" content=\"article\" \/>\n<meta property=\"og:title\" content=\"Thomas Couturier | Osteopath Barmbek\" \/>\n<meta property=\"og:description\" content=\"Erfahrener Osteopath in Hamburg. Ich behandele alle Patienten: Babies, Erwachsene, Senioren, Sportler, Schwangere\" \/>\n<meta property=\"og:url\" content=\"https:\/\/loving-mayer.51-91-233-185.plesk.page\/fr\/a-propos\/\" \/>\n<meta property=\"og:site_name\" content=\"Thomas Couturier\" \/>\n<meta property=\"article:modified_time\" content=\"2024-05-27T12:26:37+00:00\" \/>\n<meta name=\"twitter:card\" content=\"summary_large_image\" \/>\n<meta name=\"twitter:label1\" content=\"Dur\u00e9e de lecture estim\u00e9e\" \/>\n\t<meta name=\"twitter:data1\" content=\"3 minutes\" \/>\n<script type=\"application\/ld+json\" class=\"yoast-schema-graph\">{\"@context\":\"https:\/\/schema.org\",\"@graph\":[{\"@type\":\"WebPage\",\"@id\":\"https:\/\/loving-mayer.51-91-233-185.plesk.page\/ueber-mich\/\",\"url\":\"https:\/\/loving-mayer.51-91-233-185.plesk.page\/ueber-mich\/\",\"name\":\"Thomas Couturier | Osteopath Barmbek\",\"isPartOf\":{\"@id\":\"https:\/\/loving-mayer.51-91-233-185.plesk.page\/#website\"},\"datePublished\":\"2024-05-01T08:34:27+00:00\",\"dateModified\":\"2024-05-27T12:26:37+00:00\",\"description\":\"Erfahrener Osteopath in Hamburg. Ich behandele alle Patienten: Babies, Erwachsene, Senioren, Sportler, Schwangere\",\"breadcrumb\":{\"@id\":\"https:\/\/loving-mayer.51-91-233-185.plesk.page\/ueber-mich\/#breadcrumb\"},\"inLanguage\":\"fr-FR\",\"potentialAction\":[{\"@type\":\"ReadAction\",\"target\":[\"https:\/\/loving-mayer.51-91-233-185.plesk.page\/ueber-mich\/\"]}]},{\"@type\":\"BreadcrumbList\",\"@id\":\"https:\/\/loving-mayer.51-91-233-185.plesk.page\/ueber-mich\/#breadcrumb\",\"itemListElement\":[{\"@type\":\"ListItem\",\"position\":1,\"name\":\"Accueil\",\"item\":\"https:\/\/loving-mayer.51-91-233-185.plesk.page\/\"},{\"@type\":\"ListItem\",\"position\":2,\"name\":\"A propos de moi\"}]},{\"@type\":\"WebSite\",\"@id\":\"https:\/\/loving-mayer.51-91-233-185.plesk.page\/#website\",\"url\":\"https:\/\/loving-mayer.51-91-233-185.plesk.page\/\",\"name\":\"Osteopathie Hamburg-Barmbek - Thomas Couturier\",\"description\":\"\",\"publisher\":{\"@id\":\"https:\/\/loving-mayer.51-91-233-185.plesk.page\/#organization\"},\"alternateName\":\"Osteopathie Hamburg-Barmbek\",\"potentialAction\":[{\"@type\":\"SearchAction\",\"target\":{\"@type\":\"EntryPoint\",\"urlTemplate\":\"https:\/\/loving-mayer.51-91-233-185.plesk.page\/?s={search_term_string}\"},\"query-input\":{\"@type\":\"PropertyValueSpecification\",\"valueRequired\":true,\"valueName\":\"search_term_string\"}}],\"inLanguage\":\"fr-FR\"},{\"@type\":\"Organization\",\"@id\":\"https:\/\/loving-mayer.51-91-233-185.plesk.page\/#organization\",\"name\":\"Thomas Couturier\",\"url\":\"https:\/\/loving-mayer.51-91-233-185.plesk.page\/\",\"logo\":{\"@type\":\"ImageObject\",\"inLanguage\":\"fr-FR\",\"@id\":\"https:\/\/loving-mayer.51-91-233-185.plesk.page\/#\/schema\/logo\/image\/\",\"url\":\"https:\/\/loving-mayer.51-91-233-185.plesk.page\/wp-content\/uploads\/2024\/05\/Logo.svg\",\"contentUrl\":\"https:\/\/loving-mayer.51-91-233-185.plesk.page\/wp-content\/uploads\/2024\/05\/Logo.svg\",\"width\":1,\"height\":1,\"caption\":\"Thomas Couturier\"},\"image\":{\"@id\":\"https:\/\/loving-mayer.51-91-233-185.plesk.page\/#\/schema\/logo\/image\/\"}}]}<\/script>\n<!-- \/ Yoast SEO plugin. -->","yoast_head_json":{"title":"Thomas Couturier | Ost\u00e9opathe D.O. \u00e0 Hambourg-Barmbek","description":"Ost\u00e9opathe fran\u00e7ais exp\u00e9riment\u00e9 \u00e0 Hambourg-Barmbek. Traitements holistiques pour votre bien-\u00eatre. R\u00e9servez votre consultation d\u00e8s maintenant","robots":{"index":"index","follow":"follow","max-snippet":"max-snippet:-1","max-image-preview":"max-image-preview:large","max-video-preview":"max-video-preview:-1"},"canonical":"https:\/\/loving-mayer.51-91-233-185.plesk.page\/fr\/a-propos\/","og_locale":"fr_FR","og_type":"article","og_title":"Thomas Couturier | Osteopath Barmbek","og_description":"Erfahrener Osteopath in Hamburg. Ich behandele alle Patienten: Babies, Erwachsene, Senioren, Sportler, Schwangere","og_url":"https:\/\/loving-mayer.51-91-233-185.plesk.page\/fr\/a-propos\/","og_site_name":"Thomas Couturier","article_modified_time":"2024-05-27T12:26:37+00:00","twitter_card":"summary_large_image","twitter_misc":{"Dur\u00e9e de lecture estim\u00e9e":"3 minutes"},"schema":{"@context":"https:\/\/schema.org","@graph":[{"@type":"WebPage","@id":"https:\/\/loving-mayer.51-91-233-185.plesk.page\/ueber-mich\/","url":"https:\/\/loving-mayer.51-91-233-185.plesk.page\/ueber-mich\/","name":"Thomas Couturier | Ost\u00e9opathe D.O. \u00e0 Hambourg-Barmbek","isPartOf":{"@id":"https:\/\/loving-mayer.51-91-233-185.plesk.page\/#website"},"datePublished":"2024-05-01T08:34:27+00:00","dateModified":"2024-05-27T12:26:37+00:00","description":"Ost\u00e9opathe fran\u00e7ais exp\u00e9riment\u00e9 \u00e0 Hambourg-Barmbek. Traitements holistiques pour votre bien-\u00eatre. R\u00e9servez votre consultation d\u00e8s maintenant","breadcrumb":{"@id":"https:\/\/loving-mayer.51-91-233-185.plesk.page\/ueber-mich\/#breadcrumb"},"inLanguage":"fr-FR","potentialAction":[{"@type":"ReadAction","target":["https:\/\/loving-mayer.51-91-233-185.plesk.page\/ueber-mich\/"]}]},{"@type":"BreadcrumbList","@id":"https:\/\/loving-mayer.51-91-233-185.plesk.page\/ueber-mich\/#breadcrumb","itemListElement":[{"@type":"ListItem","position":1,"name":"Accueil","item":"https:\/\/loving-mayer.51-91-233-185.plesk.page\/"},{"@type":"ListItem","position":2,"name":"A propos de moi"}]},{"@type":"WebSite","@id":"https:\/\/loving-mayer.51-91-233-185.plesk.page\/#website","url":"https:\/\/loving-mayer.51-91-233-185.plesk.page\/","name":"Osteopathie Hamburg-Barmbek - Thomas Couturier","description":"","publisher":{"@id":"https:\/\/loving-mayer.51-91-233-185.plesk.page\/#organization"},"alternateName":"Osteopathie Hamburg-Barmbek","potentialAction":[{"@type":"SearchAction","target":{"@type":"EntryPoint","urlTemplate":"https:\/\/loving-mayer.51-91-233-185.plesk.page\/?s={search_term_string}"},"query-input":{"@type":"PropertyValueSpecification","valueRequired":true,"valueName":"search_term_string"}}],"inLanguage":"fr-FR"},{"@type":"Organization","@id":"https:\/\/loving-mayer.51-91-233-185.plesk.page\/#organization","name":"Thomas Couturier","url":"https:\/\/loving-mayer.51-91-233-185.plesk.page\/","logo":{"@type":"ImageObject","inLanguage":"fr-FR","@id":"https:\/\/loving-mayer.51-91-233-185.plesk.page\/#\/schema\/logo\/image\/","url":"https:\/\/loving-mayer.51-91-233-185.plesk.page\/wp-content\/uploads\/2024\/05\/Logo.svg","contentUrl":"https:\/\/loving-mayer.51-91-233-185.plesk.page\/wp-content\/uploads\/2024\/05\/Logo.svg","width":1,"height":1,"caption":"Thomas Couturier"},"image":{"@id":"https:\/\/loving-mayer.51-91-233-185.plesk.page\/#\/schema\/logo\/image\/"}}]}},"_links":{"self":[{"href":"https:\/\/loving-mayer.51-91-233-185.plesk.page\/fr\/wp-json\/wp\/v2\/pages\/49","targetHints":{"allow":["GET"]}}],"collection":[{"href":"https:\/\/loving-mayer.51-91-233-185.plesk.page\/fr\/wp-json\/wp\/v2\/pages"}],"about":[{"href":"https:\/\/loving-mayer.51-91-233-185.plesk.page\/fr\/wp-json\/wp\/v2\/types\/page"}],"author":[{"embeddable":true,"href":"https:\/\/loving-mayer.51-91-233-185.plesk.page\/fr\/wp-json\/wp\/v2\/users\/1"}],"replies":[{"embeddable":true,"href":"https:\/\/loving-mayer.51-91-233-185.plesk.page\/fr\/wp-json\/wp\/v2\/comments?post=49"}],"version-history":[{"count":1,"href":"https:\/\/loving-mayer.51-91-233-185.plesk.page\/fr\/wp-json\/wp\/v2\/pages\/49\/revisions"}],"predecessor-version":[{"id":50,"href":"https:\/\/loving-mayer.51-91-233-185.plesk.page\/fr\/wp-json\/wp\/v2\/pages\/49\/revisions\/50"}],"wp:attachment":[{"href":"https:\/\/loving-mayer.51-91-233-185.plesk.page\/fr\/wp-json\/wp\/v2\/media?parent=49"}],"curies":[{"name":"wp","href":"https:\/\/api.w.org\/{rel}","templated":true}]}}