{"id":43,"date":"2024-05-01T07:44:44","date_gmt":"2024-05-01T07:44:44","guid":{"rendered":"https:\/\/serene-keller.51-75-243-206.plesk.page\/?page_id=43"},"modified":"2025-05-09T18:44:57","modified_gmt":"2025-05-09T18:44:57","slug":"osteopathie","status":"publish","type":"page","link":"https:\/\/loving-mayer.51-91-233-185.plesk.page\/fr\/osteopathie\/","title":{"rendered":"Qu\u2019est-ce que l\u2019ost\u00e9opathie\u00a0?"},"content":{"rendered":"","protected":false},"excerpt":{"rendered":"","protected":false},"author":1,"featured_media":0,"parent":0,"menu_order":0,"comment_status":"closed","ping_status":"closed","template":"","meta":{"_acf_changed":false,"footnotes":""},"class_list":["post-43","page","type-page","status-publish","hentry"],"acf":[],"yoast_head":"<!-- This site is optimized with the Yoast SEO plugin v27.0 - https:\/\/yoast.com\/product\/yoast-seo-wordpress\/ -->\n<title>Osteopathie Hamburg | Was ist das? | Thomas Couturier<\/title>\n<meta name=\"description\" content=\"Ganzheitliche Osteopathie in Hamburg Barmbek. Nat\u00fcrliche Heilung, K\u00f6rper im Gleichgewicht. Erfahren Sie mehr\" \/>\n<meta name=\"robots\" content=\"index, follow, max-snippet:-1, max-image-preview:large, max-video-preview:-1\" \/>\n<link rel=\"canonical\" href=\"https:\/\/loving-mayer.51-91-233-185.plesk.page\/fr\/osteopathie\/\" \/>\n<meta property=\"og:locale\" content=\"fr_FR\" \/>\n<meta property=\"og:type\" content=\"article\" \/>\n<meta property=\"og:title\" content=\"Osteopathie Hamburg | Was ist das? | Thomas Couturier\" \/>\n<meta property=\"og:description\" content=\"Ganzheitliche Osteopathie in Hamburg Barmbek. Nat\u00fcrliche Heilung, K\u00f6rper im Gleichgewicht. Erfahren Sie mehr\" \/>\n<meta property=\"og:url\" content=\"https:\/\/loving-mayer.51-91-233-185.plesk.page\/fr\/osteopathie\/\" \/>\n<meta property=\"og:site_name\" content=\"Thomas Couturier\" \/>\n<meta property=\"article:modified_time\" content=\"2025-05-09T18:44:57+00:00\" \/>\n<meta name=\"twitter:card\" content=\"summary_large_image\" \/>\n<meta name=\"twitter:label1\" content=\"Dur\u00e9e de lecture estim\u00e9e\" \/>\n\t<meta name=\"twitter:data1\" content=\"5 minutes\" \/>\n<script type=\"application\/ld+json\" class=\"yoast-schema-graph\">{\"@context\":\"https:\/\/schema.org\",\"@graph\":[{\"@type\":\"WebPage\",\"@id\":\"https:\/\/loving-mayer.51-91-233-185.plesk.page\/osteopathie\/\",\"url\":\"https:\/\/loving-mayer.51-91-233-185.plesk.page\/osteopathie\/\",\"name\":\"Osteopathie Hamburg | Was ist das? | Thomas Couturier\",\"isPartOf\":{\"@id\":\"https:\/\/loving-mayer.51-91-233-185.plesk.page\/#website\"},\"datePublished\":\"2024-05-01T07:44:44+00:00\",\"dateModified\":\"2025-05-09T18:44:57+00:00\",\"description\":\"Ganzheitliche Osteopathie in Hamburg Barmbek. Nat\u00fcrliche Heilung, K\u00f6rper im Gleichgewicht. Erfahren Sie mehr\",\"breadcrumb\":{\"@id\":\"https:\/\/loving-mayer.51-91-233-185.plesk.page\/osteopathie\/#breadcrumb\"},\"inLanguage\":\"fr-FR\",\"potentialAction\":[{\"@type\":\"ReadAction\",\"target\":[\"https:\/\/loving-mayer.51-91-233-185.plesk.page\/osteopathie\/\"]}]},{\"@type\":\"BreadcrumbList\",\"@id\":\"https:\/\/loving-mayer.51-91-233-185.plesk.page\/osteopathie\/#breadcrumb\",\"itemListElement\":[{\"@type\":\"ListItem\",\"position\":1,\"name\":\"Accueil\",\"item\":\"https:\/\/loving-mayer.51-91-233-185.plesk.page\/\"},{\"@type\":\"ListItem\",\"position\":2,\"name\":\"Qu\u2019est-ce que l\u2019ost\u00e9opathie\u00a0?\"}]},{\"@type\":\"WebSite\",\"@id\":\"https:\/\/loving-mayer.51-91-233-185.plesk.page\/#website\",\"url\":\"https:\/\/loving-mayer.51-91-233-185.plesk.page\/\",\"name\":\"Osteopathie Hamburg-Barmbek - Thomas Couturier\",\"description\":\"\",\"publisher\":{\"@id\":\"https:\/\/loving-mayer.51-91-233-185.plesk.page\/#organization\"},\"alternateName\":\"Osteopathie Hamburg-Barmbek\",\"potentialAction\":[{\"@type\":\"SearchAction\",\"target\":{\"@type\":\"EntryPoint\",\"urlTemplate\":\"https:\/\/loving-mayer.51-91-233-185.plesk.page\/?s={search_term_string}\"},\"query-input\":{\"@type\":\"PropertyValueSpecification\",\"valueRequired\":true,\"valueName\":\"search_term_string\"}}],\"inLanguage\":\"fr-FR\"},{\"@type\":\"Organization\",\"@id\":\"https:\/\/loving-mayer.51-91-233-185.plesk.page\/#organization\",\"name\":\"Thomas Couturier\",\"url\":\"https:\/\/loving-mayer.51-91-233-185.plesk.page\/\",\"logo\":{\"@type\":\"ImageObject\",\"inLanguage\":\"fr-FR\",\"@id\":\"https:\/\/loving-mayer.51-91-233-185.plesk.page\/#\/schema\/logo\/image\/\",\"url\":\"https:\/\/loving-mayer.51-91-233-185.plesk.page\/wp-content\/uploads\/2024\/05\/Logo.svg\",\"contentUrl\":\"https:\/\/loving-mayer.51-91-233-185.plesk.page\/wp-content\/uploads\/2024\/05\/Logo.svg\",\"width\":1,\"height\":1,\"caption\":\"Thomas Couturier\"},\"image\":{\"@id\":\"https:\/\/loving-mayer.51-91-233-185.plesk.page\/#\/schema\/logo\/image\/\"}}]}<\/script>\n<!-- \/ Yoast SEO plugin. -->","yoast_head_json":{"title":"Cabinet d\u2018ost\u00e9opathie | Hamburg Barmbek | Thomas Couturier","description":"D\u00e9couvrez l'ost\u00e9opathie \u00e0 Hambourg chez votre ost\u00e9opathe fran\u00e7ais - Approche holistique, soins naturels. R\u00e9tablissez \u00e9quilibre et bien-\u00eatre","robots":{"index":"index","follow":"follow","max-snippet":"max-snippet:-1","max-image-preview":"max-image-preview:large","max-video-preview":"max-video-preview:-1"},"canonical":"https:\/\/loving-mayer.51-91-233-185.plesk.page\/fr\/osteopathie\/","og_locale":"fr_FR","og_type":"article","og_title":"Osteopathie Hamburg | Was ist das? | Thomas Couturier","og_description":"Ganzheitliche Osteopathie in Hamburg Barmbek. Nat\u00fcrliche Heilung, K\u00f6rper im Gleichgewicht. Erfahren Sie mehr","og_url":"https:\/\/loving-mayer.51-91-233-185.plesk.page\/fr\/osteopathie\/","og_site_name":"Thomas Couturier","article_modified_time":"2025-05-09T18:44:57+00:00","twitter_card":"summary_large_image","twitter_misc":{"Dur\u00e9e de lecture estim\u00e9e":"5 minutes"},"schema":{"@context":"https:\/\/schema.org","@graph":[{"@type":"WebPage","@id":"https:\/\/loving-mayer.51-91-233-185.plesk.page\/osteopathie\/","url":"https:\/\/loving-mayer.51-91-233-185.plesk.page\/osteopathie\/","name":"Cabinet d\u2018ost\u00e9opathie | Hamburg Barmbek | Thomas Couturier","isPartOf":{"@id":"https:\/\/loving-mayer.51-91-233-185.plesk.page\/#website"},"datePublished":"2024-05-01T07:44:44+00:00","dateModified":"2025-05-09T18:44:57+00:00","description":"D\u00e9couvrez l'ost\u00e9opathie \u00e0 Hambourg chez votre ost\u00e9opathe fran\u00e7ais - Approche holistique, soins naturels. R\u00e9tablissez \u00e9quilibre et bien-\u00eatre","breadcrumb":{"@id":"https:\/\/loving-mayer.51-91-233-185.plesk.page\/osteopathie\/#breadcrumb"},"inLanguage":"fr-FR","potentialAction":[{"@type":"ReadAction","target":["https:\/\/loving-mayer.51-91-233-185.plesk.page\/osteopathie\/"]}]},{"@type":"BreadcrumbList","@id":"https:\/\/loving-mayer.51-91-233-185.plesk.page\/osteopathie\/#breadcrumb","itemListElement":[{"@type":"ListItem","position":1,"name":"Accueil","item":"https:\/\/loving-mayer.51-91-233-185.plesk.page\/"},{"@type":"ListItem","position":2,"name":"Qu\u2019est-ce que l\u2019ost\u00e9opathie\u00a0?"}]},{"@type":"WebSite","@id":"https:\/\/loving-mayer.51-91-233-185.plesk.page\/#website","url":"https:\/\/loving-mayer.51-91-233-185.plesk.page\/","name":"Osteopathie Hamburg-Barmbek - Thomas Couturier","description":"","publisher":{"@id":"https:\/\/loving-mayer.51-91-233-185.plesk.page\/#organization"},"alternateName":"Osteopathie Hamburg-Barmbek","potentialAction":[{"@type":"SearchAction","target":{"@type":"EntryPoint","urlTemplate":"https:\/\/loving-mayer.51-91-233-185.plesk.page\/?s={search_term_string}"},"query-input":{"@type":"PropertyValueSpecification","valueRequired":true,"valueName":"search_term_string"}}],"inLanguage":"fr-FR"},{"@type":"Organization","@id":"https:\/\/loving-mayer.51-91-233-185.plesk.page\/#organization","name":"Thomas Couturier","url":"https:\/\/loving-mayer.51-91-233-185.plesk.page\/","logo":{"@type":"ImageObject","inLanguage":"fr-FR","@id":"https:\/\/loving-mayer.51-91-233-185.plesk.page\/#\/schema\/logo\/image\/","url":"https:\/\/loving-mayer.51-91-233-185.plesk.page\/wp-content\/uploads\/2024\/05\/Logo.svg","contentUrl":"https:\/\/loving-mayer.51-91-233-185.plesk.page\/wp-content\/uploads\/2024\/05\/Logo.svg","width":1,"height":1,"caption":"Thomas Couturier"},"image":{"@id":"https:\/\/loving-mayer.51-91-233-185.plesk.page\/#\/schema\/logo\/image\/"}}]}},"_links":{"self":[{"href":"https:\/\/loving-mayer.51-91-233-185.plesk.page\/fr\/wp-json\/wp\/v2\/pages\/43","targetHints":{"allow":["GET"]}}],"collection":[{"href":"https:\/\/loving-mayer.51-91-233-185.plesk.page\/fr\/wp-json\/wp\/v2\/pages"}],"about":[{"href":"https:\/\/loving-mayer.51-91-233-185.plesk.page\/fr\/wp-json\/wp\/v2\/types\/page"}],"author":[{"embeddable":true,"href":"https:\/\/loving-mayer.51-91-233-185.plesk.page\/fr\/wp-json\/wp\/v2\/users\/1"}],"replies":[{"embeddable":true,"href":"https:\/\/loving-mayer.51-91-233-185.plesk.page\/fr\/wp-json\/wp\/v2\/comments?post=43"}],"version-history":[{"count":1,"href":"https:\/\/loving-mayer.51-91-233-185.plesk.page\/fr\/wp-json\/wp\/v2\/pages\/43\/revisions"}],"predecessor-version":[{"id":44,"href":"https:\/\/loving-mayer.51-91-233-185.plesk.page\/fr\/wp-json\/wp\/v2\/pages\/43\/revisions\/44"}],"wp:attachment":[{"href":"https:\/\/loving-mayer.51-91-233-185.plesk.page\/fr\/wp-json\/wp\/v2\/media?parent=43"}],"curies":[{"name":"wp","href":"https:\/\/api.w.org\/{rel}","templated":true}]}}