{"id":2,"date":"2024-05-01T06:13:05","date_gmt":"2024-05-01T06:13:05","guid":{"rendered":"https:\/\/serene-keller.51-75-243-206.plesk.page\/?page_id=2"},"modified":"2025-03-31T14:27:54","modified_gmt":"2025-03-31T14:27:54","slug":"sample-page","status":"publish","type":"page","link":"https:\/\/loving-mayer.51-91-233-185.plesk.page\/fr\/","title":{"rendered":"Accueil"},"content":{"rendered":"","protected":false},"excerpt":{"rendered":"","protected":false},"author":1,"featured_media":84,"parent":0,"menu_order":0,"comment_status":"closed","ping_status":"open","template":"","meta":{"_acf_changed":false,"footnotes":""},"class_list":["post-2","page","type-page","status-publish","has-post-thumbnail","hentry"],"acf":[],"yoast_head":"<!-- This site is optimized with the Yoast SEO plugin v27.0 - https:\/\/yoast.com\/product\/yoast-seo-wordpress\/ -->\n<title>Osteopathie Hamburg-Barmbek | Ganzheitliche Behandlung<\/title>\n<meta name=\"description\" content=\"Ihr Osteopath in Hamburg-Barmbek | Kurzfristige Termine f\u00fcr Babys, Erwachsene, Sportler &amp; Schwangere | Termin online oder telefonisch buchen\" \/>\n<meta name=\"robots\" content=\"index, follow, max-snippet:-1, max-image-preview:large, max-video-preview:-1\" \/>\n<link rel=\"canonical\" href=\"https:\/\/loving-mayer.51-91-233-185.plesk.page\/fr\/\" \/>\n<meta property=\"og:locale\" content=\"fr_FR\" \/>\n<meta property=\"og:type\" content=\"article\" \/>\n<meta property=\"og:title\" content=\"Osteopathie Hamburg-Barmbek | Ganzheitliche Behandlung\" \/>\n<meta property=\"og:description\" content=\"Ihr Osteopath in Hamburg-Barmbek | Kurzfristige Termine f\u00fcr Babys, Erwachsene, Sportler &amp; Schwangere | Termin online oder telefonisch buchen\" \/>\n<meta property=\"og:url\" content=\"https:\/\/loving-mayer.51-91-233-185.plesk.page\/fr\/\" \/>\n<meta property=\"og:site_name\" content=\"Thomas Couturier\" \/>\n<meta property=\"article:modified_time\" content=\"2025-03-31T14:27:54+00:00\" \/>\n<meta property=\"og:image\" content=\"https:\/\/loving-mayer.51-91-233-185.plesk.page\/wp-content\/uploads\/2024\/05\/Osteopath-Hamburg-3.jpg\" \/>\n\t<meta property=\"og:image:width\" content=\"4096\" \/>\n\t<meta property=\"og:image:height\" content=\"4028\" \/>\n\t<meta property=\"og:image:type\" content=\"image\/jpeg\" \/>\n<meta name=\"twitter:card\" content=\"summary_large_image\" \/>\n<meta name=\"twitter:label1\" content=\"Dur\u00e9e de lecture estim\u00e9e\" \/>\n\t<meta name=\"twitter:data1\" content=\"6 minutes\" \/>\n<script type=\"application\/ld+json\" class=\"yoast-schema-graph\">{\"@context\":\"https:\/\/schema.org\",\"@graph\":[{\"@type\":\"WebPage\",\"@id\":\"https:\/\/loving-mayer.51-91-233-185.plesk.page\/\",\"url\":\"https:\/\/loving-mayer.51-91-233-185.plesk.page\/\",\"name\":\"Osteopathie Hamburg-Barmbek | Ganzheitliche Behandlung\",\"isPartOf\":{\"@id\":\"https:\/\/loving-mayer.51-91-233-185.plesk.page\/#website\"},\"primaryImageOfPage\":{\"@id\":\"https:\/\/loving-mayer.51-91-233-185.plesk.page\/#primaryimage\"},\"image\":{\"@id\":\"https:\/\/loving-mayer.51-91-233-185.plesk.page\/#primaryimage\"},\"thumbnailUrl\":\"https:\/\/loving-mayer.51-91-233-185.plesk.page\/wp-content\/uploads\/2024\/05\/Osteopath-Hamburg-3.jpg\",\"datePublished\":\"2024-05-01T06:13:05+00:00\",\"dateModified\":\"2025-03-31T14:27:54+00:00\",\"description\":\"Ihr Osteopath in Hamburg-Barmbek | Kurzfristige Termine f\u00fcr Babys, Erwachsene, Sportler & Schwangere | Termin online oder telefonisch buchen\",\"breadcrumb\":{\"@id\":\"https:\/\/loving-mayer.51-91-233-185.plesk.page\/#breadcrumb\"},\"inLanguage\":\"fr-FR\",\"potentialAction\":[{\"@type\":\"ReadAction\",\"target\":[\"https:\/\/loving-mayer.51-91-233-185.plesk.page\/\"]}]},{\"@type\":\"ImageObject\",\"inLanguage\":\"fr-FR\",\"@id\":\"https:\/\/loving-mayer.51-91-233-185.plesk.page\/#primaryimage\",\"url\":\"https:\/\/loving-mayer.51-91-233-185.plesk.page\/wp-content\/uploads\/2024\/05\/Osteopath-Hamburg-3.jpg\",\"contentUrl\":\"https:\/\/loving-mayer.51-91-233-185.plesk.page\/wp-content\/uploads\/2024\/05\/Osteopath-Hamburg-3.jpg\",\"width\":4096,\"height\":4028,\"caption\":\"Ihr Osteopath in Hamburg Barmbek\"},{\"@type\":\"BreadcrumbList\",\"@id\":\"https:\/\/loving-mayer.51-91-233-185.plesk.page\/#breadcrumb\",\"itemListElement\":[{\"@type\":\"ListItem\",\"position\":1,\"name\":\"Accueil\",\"item\":\"https:\/\/loving-mayer.51-91-233-185.plesk.page\/\"},{\"@type\":\"ListItem\",\"position\":2,\"name\":\"Accueil\"}]},{\"@type\":\"WebSite\",\"@id\":\"https:\/\/loving-mayer.51-91-233-185.plesk.page\/#website\",\"url\":\"https:\/\/loving-mayer.51-91-233-185.plesk.page\/\",\"name\":\"Osteopathie Hamburg-Barmbek - Thomas Couturier\",\"description\":\"\",\"publisher\":{\"@id\":\"https:\/\/loving-mayer.51-91-233-185.plesk.page\/#organization\"},\"alternateName\":\"Osteopathie Hamburg-Barmbek\",\"potentialAction\":[{\"@type\":\"SearchAction\",\"target\":{\"@type\":\"EntryPoint\",\"urlTemplate\":\"https:\/\/loving-mayer.51-91-233-185.plesk.page\/?s={search_term_string}\"},\"query-input\":{\"@type\":\"PropertyValueSpecification\",\"valueRequired\":true,\"valueName\":\"search_term_string\"}}],\"inLanguage\":\"fr-FR\"},{\"@type\":\"Organization\",\"@id\":\"https:\/\/loving-mayer.51-91-233-185.plesk.page\/#organization\",\"name\":\"Thomas Couturier\",\"url\":\"https:\/\/loving-mayer.51-91-233-185.plesk.page\/\",\"logo\":{\"@type\":\"ImageObject\",\"inLanguage\":\"fr-FR\",\"@id\":\"https:\/\/loving-mayer.51-91-233-185.plesk.page\/#\/schema\/logo\/image\/\",\"url\":\"https:\/\/loving-mayer.51-91-233-185.plesk.page\/wp-content\/uploads\/2024\/05\/Logo.svg\",\"contentUrl\":\"https:\/\/loving-mayer.51-91-233-185.plesk.page\/wp-content\/uploads\/2024\/05\/Logo.svg\",\"width\":1,\"height\":1,\"caption\":\"Thomas Couturier\"},\"image\":{\"@id\":\"https:\/\/loving-mayer.51-91-233-185.plesk.page\/#\/schema\/logo\/image\/\"}}]}<\/script>\n<!-- \/ Yoast SEO plugin. -->","yoast_head_json":{"title":"Ost\u00e9opathe fran\u00e7ais \u00e0 Hambourg \u2013 Thomas Couturier","description":"Ost\u00e9opathe fran\u00e7ais \u00e0 Hambourg. Ost\u00e9opathie pour b\u00e9b\u00e9s, adultes, sportifs, femmes enceintes. Prenez rendez-vous pour votre consultation d\u00e8s maintenant.","robots":{"index":"index","follow":"follow","max-snippet":"max-snippet:-1","max-image-preview":"max-image-preview:large","max-video-preview":"max-video-preview:-1"},"canonical":"https:\/\/loving-mayer.51-91-233-185.plesk.page\/fr\/","og_locale":"fr_FR","og_type":"article","og_title":"Osteopathie Hamburg-Barmbek | Ganzheitliche Behandlung","og_description":"Ihr Osteopath in Hamburg-Barmbek | Kurzfristige Termine f\u00fcr Babys, Erwachsene, Sportler & Schwangere | Termin online oder telefonisch buchen","og_url":"https:\/\/loving-mayer.51-91-233-185.plesk.page\/fr\/","og_site_name":"Thomas Couturier","article_modified_time":"2025-03-31T14:27:54+00:00","og_image":[{"width":4096,"height":4028,"url":"https:\/\/loving-mayer.51-91-233-185.plesk.page\/wp-content\/uploads\/2024\/05\/Osteopath-Hamburg-3.jpg","type":"image\/jpeg"}],"twitter_card":"summary_large_image","twitter_misc":{"Dur\u00e9e de lecture estim\u00e9e":"6 minutes"},"schema":{"@context":"https:\/\/schema.org","@graph":[{"@type":"WebPage","@id":"https:\/\/loving-mayer.51-91-233-185.plesk.page\/","url":"https:\/\/loving-mayer.51-91-233-185.plesk.page\/","name":"Ost\u00e9opathe fran\u00e7ais \u00e0 Hambourg \u2013 Thomas Couturier","isPartOf":{"@id":"https:\/\/loving-mayer.51-91-233-185.plesk.page\/#website"},"primaryImageOfPage":{"@id":"https:\/\/loving-mayer.51-91-233-185.plesk.page\/#primaryimage"},"image":{"@id":"https:\/\/loving-mayer.51-91-233-185.plesk.page\/#primaryimage"},"thumbnailUrl":"https:\/\/loving-mayer.51-91-233-185.plesk.page\/wp-content\/uploads\/2024\/05\/Osteopath-Hamburg-3.jpg","datePublished":"2024-05-01T06:13:05+00:00","dateModified":"2025-03-31T14:27:54+00:00","description":"Ost\u00e9opathe fran\u00e7ais \u00e0 Hambourg. Ost\u00e9opathie pour b\u00e9b\u00e9s, adultes, sportifs, femmes enceintes. Prenez rendez-vous pour votre consultation d\u00e8s maintenant.","breadcrumb":{"@id":"https:\/\/loving-mayer.51-91-233-185.plesk.page\/#breadcrumb"},"inLanguage":"fr-FR","potentialAction":[{"@type":"ReadAction","target":["https:\/\/loving-mayer.51-91-233-185.plesk.page\/"]}]},{"@type":"ImageObject","inLanguage":"fr-FR","@id":"https:\/\/loving-mayer.51-91-233-185.plesk.page\/#primaryimage","url":"https:\/\/loving-mayer.51-91-233-185.plesk.page\/wp-content\/uploads\/2024\/05\/Osteopath-Hamburg-3.jpg","contentUrl":"https:\/\/loving-mayer.51-91-233-185.plesk.page\/wp-content\/uploads\/2024\/05\/Osteopath-Hamburg-3.jpg","width":4096,"height":4028,"caption":"Ihr Osteopath in Hamburg Barmbek"},{"@type":"BreadcrumbList","@id":"https:\/\/loving-mayer.51-91-233-185.plesk.page\/#breadcrumb","itemListElement":[{"@type":"ListItem","position":1,"name":"Accueil","item":"https:\/\/loving-mayer.51-91-233-185.plesk.page\/"},{"@type":"ListItem","position":2,"name":"Accueil"}]},{"@type":"WebSite","@id":"https:\/\/loving-mayer.51-91-233-185.plesk.page\/#website","url":"https:\/\/loving-mayer.51-91-233-185.plesk.page\/","name":"Osteopathie Hamburg-Barmbek - Thomas Couturier","description":"","publisher":{"@id":"https:\/\/loving-mayer.51-91-233-185.plesk.page\/#organization"},"alternateName":"Osteopathie Hamburg-Barmbek","potentialAction":[{"@type":"SearchAction","target":{"@type":"EntryPoint","urlTemplate":"https:\/\/loving-mayer.51-91-233-185.plesk.page\/?s={search_term_string}"},"query-input":{"@type":"PropertyValueSpecification","valueRequired":true,"valueName":"search_term_string"}}],"inLanguage":"fr-FR"},{"@type":"Organization","@id":"https:\/\/loving-mayer.51-91-233-185.plesk.page\/#organization","name":"Thomas Couturier","url":"https:\/\/loving-mayer.51-91-233-185.plesk.page\/","logo":{"@type":"ImageObject","inLanguage":"fr-FR","@id":"https:\/\/loving-mayer.51-91-233-185.plesk.page\/#\/schema\/logo\/image\/","url":"https:\/\/loving-mayer.51-91-233-185.plesk.page\/wp-content\/uploads\/2024\/05\/Logo.svg","contentUrl":"https:\/\/loving-mayer.51-91-233-185.plesk.page\/wp-content\/uploads\/2024\/05\/Logo.svg","width":1,"height":1,"caption":"Thomas Couturier"},"image":{"@id":"https:\/\/loving-mayer.51-91-233-185.plesk.page\/#\/schema\/logo\/image\/"}}]}},"_links":{"self":[{"href":"https:\/\/loving-mayer.51-91-233-185.plesk.page\/fr\/wp-json\/wp\/v2\/pages\/2","targetHints":{"allow":["GET"]}}],"collection":[{"href":"https:\/\/loving-mayer.51-91-233-185.plesk.page\/fr\/wp-json\/wp\/v2\/pages"}],"about":[{"href":"https:\/\/loving-mayer.51-91-233-185.plesk.page\/fr\/wp-json\/wp\/v2\/types\/page"}],"author":[{"embeddable":true,"href":"https:\/\/loving-mayer.51-91-233-185.plesk.page\/fr\/wp-json\/wp\/v2\/users\/1"}],"replies":[{"embeddable":true,"href":"https:\/\/loving-mayer.51-91-233-185.plesk.page\/fr\/wp-json\/wp\/v2\/comments?post=2"}],"version-history":[{"count":1,"href":"https:\/\/loving-mayer.51-91-233-185.plesk.page\/fr\/wp-json\/wp\/v2\/pages\/2\/revisions"}],"predecessor-version":[{"id":13,"href":"https:\/\/loving-mayer.51-91-233-185.plesk.page\/fr\/wp-json\/wp\/v2\/pages\/2\/revisions\/13"}],"wp:featuredmedia":[{"embeddable":true,"href":"https:\/\/loving-mayer.51-91-233-185.plesk.page\/fr\/wp-json\/wp\/v2\/media\/84"}],"wp:attachment":[{"href":"https:\/\/loving-mayer.51-91-233-185.plesk.page\/fr\/wp-json\/wp\/v2\/media?parent=2"}],"curies":[{"name":"wp","href":"https:\/\/api.w.org\/{rel}","templated":true}]}}